{"id":46,"date":"2016-08-17T14:24:48","date_gmt":"2016-08-17T13:24:48","guid":{"rendered":"http:\/\/mymarketinglab.net\/joellehofmans\/?page_id=46"},"modified":"2023-02-02T14:04:52","modified_gmt":"2023-02-02T13:04:52","slug":"approche","status":"publish","type":"page","link":"https:\/\/joellehofmans.com\/index.php\/approche\/","title":{"rendered":"Approche"},"content":{"rendered":"<h2>Mon approche globale<\/h2>\n<p>Les animaux en g\u00e9n\u00e9ral, dont les chiens et les chats, sont des \u00eatres sensibles, dou\u00e9s d\u2019un certain niveau de conscience et qui ressentent des \u00e9motions, tout comme nous. Nous sommes maintenant loin de \u00ab l\u2019animal-machine \u00bb de Descartes !<br \/>\nNos chiens et chats domestiques, dont les besoins inh\u00e9rents \u00e0 leur esp\u00e8ce sont couverts par leurs \u00ab&nbsp;ma\u00eetres&nbsp;\u00bb, d\u00e9veloppent des comportements \u00ab&nbsp;normaux&nbsp;\u00bb dans leur milieu de vie habituel (ou niche \u00e9cologique). Ils sont dans ce cas dans un \u00e9tat \u00e9motionnel normal, leur bien-\u00eatre \u00e9tant assur\u00e9 par les humains. Ce milieu de vie est bien diff\u00e9rent de leurs anc\u00eatres, loups et chats sauvages! Cela explique pourquoi certains comportements sont diff\u00e9rents entre anc\u00eatre et animal domestique.<br \/>\nDans certaines circonstances (besoins inh\u00e9rents \u00e0 leur esp\u00e8ce non respect\u00e9s, conditions de d\u00e9veloppement difficiles, accidents de la vie, maladie etc), les \u00e9tats \u00e9motionnels du chien ou du chat peuvent \u00eatre perturb\u00e9s et devenir pathologiques. Les scientifiques reconnaissent en effet chez eux des \u00e9tats \u00e9motionnels pathologiques tels que la phobie, l\u2019anxi\u00e9t\u00e9 ou la d\u00e9pression. Le cerveau \u00e9tant un organe (majeur), tout comme le foie ou les intestins, il peut subir les m\u00eames dommages que les autres organes (maladie, vieillesse etc). Ces \u00e9tats pathologiques peuvent \u00eatre soign\u00e9s, tout comme chez les humains. Mais un traitement, quel qu\u2019il soit, n\u00e9cessite avant tout un diagnostic et un pronostic.<br \/>\nPar ailleurs, certains animaux pr\u00e9sentent des maladies physiques qui atteignent le cerveau et\/ou d&#8217;autres organes (reins, bassin, appareil g\u00e9nital, etc.), et qui n\u00e9anmoins ne se manifestent ext\u00e9rieurement que par des signes comportementaux.<\/p>\n<p><strong>De ce fait :<\/strong><\/p>\n<p>Le v\u00e9t\u00e9rinaire comportementaliste est donc en quelque sorte l&#8217;\u00e9quivalent d&#8217;un &#8220;psychologue&#8221; ou d&#8217;un &#8220;psychiatre pour animaux&#8221;. Il est \u00e0 ce titre la seule personne apte et autoris\u00e9e (en terme de comp\u00e9tence mais aussi l\u00e9galement !) \u00e0 soigner les animaux pr\u00e9sentant des troubles du comportement, que les comportements soient le reflet d&#8217;une maladie ou qu&#8217;ils soient normaux mais g\u00eanants pour les propri\u00e9taires. Pour distinguer animaux normaux ou pathologiques, seul un v\u00e9t\u00e9rinaire, \u00e0 fortiori comportementaliste, est comp\u00e9tent pour faire un DIAGNOSTIC comportemental, ce qui l\u2019am\u00e8nera \u00e0 faire un pronostic et un traitement adapt\u00e9 (voire model\u00e9) \u00e0 la maladie ou au comportement g\u00eanant en tenant compte des ressources de chacun et en veillant \u00e0 respecter ou restaurer si n\u00e9cessaire le lien entre chaque individu (humain ou animal) de la famille.<br \/>\nEn faisant le tour de la question, je suis donc plus pr\u00e9cis\u00e9ment \u00ab m\u00e9decin v\u00e9t\u00e9rinaire du comportement \u00bb, \u00e0 ma grande satisfaction.<\/p>\n<h2><strong>Quel est mon domaine d\u2019action ?<\/strong><\/h2>\n<p>Les chiens et les chats principalement ;<br \/>\nTout questionnement \u00e0 leur sujet<\/p>\n<h2>Ce que je propose ?<\/h2>\n<p><strong>Pr\u00e9vention :<\/strong><\/p>\n<ul>\n<li>Consultation avant achat d\u2019un animal ;<\/li>\n<li>Consultation sp\u00e9cifique pour chiot ou chaton ;<\/li>\n<li>Classe chiot (s\u00e9ance collective) ;<\/li>\n<li>Classe Pubert\u00e9 (s\u00e9ance collective) ;<\/li>\n<li>Pr\u00e9vention des agressions \u00e0 tout \u00e2ge ;<\/li>\n<li>Pr\u00e9vention des agressions sur les enfants ;<\/li>\n<\/ul>\n<p><strong>Traitement :&nbsp;<\/strong><\/p>\n<ul>\n<li>Bilan comportemental (tout \u00e2ge, race ou sexe) ;&nbsp;<\/li>\n<li>Bilan de dangerosit\u00e9 (tout \u00e2ge, race ou sexe) ;<\/li>\n<\/ul>\n<p>Pour les chiens et chats (jeune ou adultes) pr\u00e9sentant des comportements qui vous semblent anormaux, g\u00eanants, bizarres ou incompr\u00e9hensibles, un bilan comportemental (tel que d\u00e9crit \u00e0 l\u2019onglet \u00ab horaires et prix \u00bb) est indispensable la bonne prise en charge du probl\u00e8me.<br \/>\nExemples de comportements \u00e0 traiter : destructions, malpropret\u00e9, agressions (aboiements, grognements, montre les dents, pincettes, morsures), vocalises, tournis, agitation, vols d\u2019objets, boulimie, absence d\u2019app\u00e9tit, abattement, etc.<br \/>\nPensez \u00e0 me contacter pour toute information compl\u00e9mentaire, question ou demande de rendez-vous (voir onglet \u00ab contact \u00bb).<\/p>\n<p><em>Bien \u00e0 vous, Dr Jo\u00eblle Hofmans<\/em><\/p>\n","protected":false},"excerpt":{"rendered":"<p>Mon approche globale Les animaux en g\u00e9n\u00e9ral, dont les chiens et les chats, sont des \u00eatres sensibles, dou\u00e9s d\u2019un certain niveau de conscience et qui ressentent des \u00e9motions, tout comme nous. Nous sommes maintenant loin de \u00ab l\u2019animal-machine \u00bb de Descartes ! Nos chiens et chats domestiques, dont les besoins inh\u00e9rents \u00e0 leur esp\u00e8ce sont [&hellip;]<\/p>\n","protected":false},"author":2,"featured_media":66,"parent":0,"menu_order":0,"comment_status":"closed","ping_status":"closed","template":"","meta":{"ngg_post_thumbnail":0},"_links":{"self":[{"href":"https:\/\/joellehofmans.com\/index.php\/wp-json\/wp\/v2\/pages\/46"}],"collection":[{"href":"https:\/\/joellehofmans.com\/index.php\/wp-json\/wp\/v2\/pages"}],"about":[{"href":"https:\/\/joellehofmans.com\/index.php\/wp-json\/wp\/v2\/types\/page"}],"author":[{"embeddable":true,"href":"https:\/\/joellehofmans.com\/index.php\/wp-json\/wp\/v2\/users\/2"}],"replies":[{"embeddable":true,"href":"https:\/\/joellehofmans.com\/index.php\/wp-json\/wp\/v2\/comments?post=46"}],"version-history":[{"count":2,"href":"https:\/\/joellehofmans.com\/index.php\/wp-json\/wp\/v2\/pages\/46\/revisions"}],"predecessor-version":[{"id":1025,"href":"https:\/\/joellehofmans.com\/index.php\/wp-json\/wp\/v2\/pages\/46\/revisions\/1025"}],"wp:featuredmedia":[{"embeddable":true,"href":"https:\/\/joellehofmans.com\/index.php\/wp-json\/wp\/v2\/media\/66"}],"wp:attachment":[{"href":"https:\/\/joellehofmans.com\/index.php\/wp-json\/wp\/v2\/media?parent=46"}],"curies":[{"name":"wp","href":"https:\/\/api.w.org\/{rel}","templated":true}]}}