{"id":114,"date":"2016-07-02T15:25:07","date_gmt":"2016-07-02T14:25:07","guid":{"rendered":"http:\/\/mymarketinglab.net\/joellehofmans\/?page_id=8"},"modified":"2025-09-29T09:39:56","modified_gmt":"2025-09-29T07:39:56","slug":"horaires-et-prix","status":"publish","type":"page","link":"https:\/\/joellehofmans.com\/index.php\/horaires-et-prix\/","title":{"rendered":"Horaires et prix"},"content":{"rendered":"<h2>Horaire de consultation<\/h2>\n<p class=\"p1\"><span class=\"s1\">Je travaille uniquement sur rendez-vous, du lundi au vendredi.<span class=\"Apple-converted-space\">&nbsp; <\/span><\/span><\/p>\n<p class=\"p1\"><span class=\"s1\">Le premier rendez-vous disponible est \u00e0 9h, le dernier \u00e0 16h30 pour un bilan comportemental, \u00e0 17h pour un suivi. Les visites \u00e0 domicile sont possibles, avec frais de d\u00e9placement (1 euro tvac \/km AR).<\/span><\/p>\n<p><strong>Horaire t\u00e9l\u00e9phonique pour les prises de rendez-vous ou les suivis :&nbsp;<\/strong><\/p>\n<p>Tous les jours de la semaine, entre 8h30 et 9h ou entre 12h30 et 13h30.<\/p>\n<p>&nbsp;<\/p>\n<h2>D\u00e9roulement et prix d&#8217;un bilan comportemental (chien ou chat)<\/h2>\n<p class=\"p1\"><span class=\"s1\">Gr\u00e2ce au diagnostic pos\u00e9, un bilan comportemental permet aux propri\u00e9taires de conna\u00eetre <b>l\u2019\u00e9tat actuel de la situation <\/b>(avec risques d\u2019agressions), les <b>possibilit\u00e9s de changement<\/b> en fonction du contexte familial et la <b>mise en place imm\u00e9diate<\/b> de ces changements.<br \/>\nCertains troubles se r\u00e9solvent apr\u00e8s le bilan, les suivis n\u2019\u00e9tant d\u00e8s lors pas n\u00e9cessaires.&nbsp;<\/span><\/p>\n<p class=\"p1\"><span class=\"s1\">D\u2019autres n\u00e9cessitent le bilan et un ou plusieurs suivis, en fonction de chaque animal, chaque propri\u00e9taire et chaque situation.<span class=\"Apple-converted-space\">&nbsp; <\/span>Seul le bilan comportemental permet de savoir s\u2019il y aura suivi ou non.<\/span><\/p>\n<p class=\"p1\"><span class=\"s1\">Le bilan comportemental dure 1h30. <\/span><\/p>\n<p class=\"p1\"><span class=\"s1\">Il comprend l\u2019examen physique ainsi que la description et l\u2019analyse des diff\u00e9rents sympt\u00f4mes et comportements pr\u00e9sent\u00e9s par l\u2019animal, d\u00e9crits par le propri\u00e9taire ou bien visualis\u00e9s en s\u00e9ance ou en vid\u00e9o.<span class=\"Apple-converted-space\">&nbsp; <\/span>Cette analyse pouss\u00e9e me permet d\u2019\u00e9tablir un <b>diagnostic<\/b> et un <b>pronostic<\/b>. Ceux-ci sont imm\u00e9diatement \u00e9nonc\u00e9s et un <b>traitement<\/b> est imm\u00e9diatement mis en route, apr\u00e8s discussion et accord du ou des propri\u00e9taires.<\/span><\/p>\n<p class=\"p1\"><span class=\"s1\">Le <\/span><span class=\"s2\">bilan comportemental<\/span><span class=\"s1\"> co\u00fbte <strong>195<\/strong><b> euros TVAc (chien ou chat) <\/b>et comprend, outre la premi\u00e8re s\u00e9ance, le(s) suivi(s) t\u00e9l\u00e9phonique(s) et le rapport \u00e0 la personne r\u00e9f\u00e9rante. <\/span><\/p>\n<p class=\"p1\"><span class=\"s1\">S\u2019il s\u2019agit d\u2019un bilan comportemental concernant l\u2019entente entre <strong>2 chiens<\/strong>, le prix est de <strong>300 euros TVAc<\/strong>&nbsp;pour l\u2019ensemble des chiens et de la situation. La consultation dure 1h30 \u00e0 2h dans ce cas.<\/span><\/p>\n<p>&nbsp;<\/p>\n<p class=\"p1\"><strong><span class=\"s1\">Attention, une \u00e9valuation<\/span><span class=\"s2\"> de dangerosit\u00e9<\/span><span class=\"s1\"> d&#8217;un chien ou plusieurs chiens (toute race) <\/span><span class=\"s2\">\u00e0 la demande d\u2019une commune<\/span><span class=\"s1\">, co\u00fbte 500 euros TVAc par chien et comprend, outre le bilan en question, le rapport \u00e0 ladite commune. Les frais de d\u00e9placement (1 euro TVAc\/km) se rajoutent \u00e0 cela en fonction de l&#8217;adresse de la consultation.&nbsp;<\/span><\/strong><\/p>\n<h2>Suivis comportementaux<\/h2>\n<p>Les suivis comportementaux, s\u2019ils ont lieu d\u2019\u00eatre en fonction de la maladie comportementale, durent 45 minutes et co\u00fbtent <b>150 euros ttc. <\/b><br \/>\nL\u2019intervalle entre chaque s\u00e9ance varie entre 1 et 3 mois en moyenne pour le premier suivi (L&#8217;intervalle plus court est fonction du danger de la situation au sein de la famille). Pour le ou les autres suivis l&#8217;intervalle peut \u00eatre plus long (entre 3 mois et 6 mois).<\/p>\n<h2>Des questions ?<\/h2>\n<p class=\"p2\"><span class=\"s1\">Pensez pas \u00e0 me contacter pour tout renseignement compl\u00e9mentaire.<\/span><\/p>\n","protected":false},"excerpt":{"rendered":"<p>Horaire de consultation Je travaille uniquement sur rendez-vous, du lundi au vendredi.&nbsp; Le premier rendez-vous disponible est \u00e0 9h, le dernier \u00e0 16h30 pour un bilan comportemental, \u00e0 17h pour un suivi. Les visites \u00e0 domicile sont possibles, avec frais de d\u00e9placement (1 euro tvac \/km AR). Horaire t\u00e9l\u00e9phonique pour les prises de rendez-vous ou [&hellip;]<\/p>\n","protected":false},"author":2,"featured_media":161,"parent":0,"menu_order":0,"comment_status":"closed","ping_status":"closed","template":"","meta":{"ngg_post_thumbnail":0},"_links":{"self":[{"href":"https:\/\/joellehofmans.com\/index.php\/wp-json\/wp\/v2\/pages\/114"}],"collection":[{"href":"https:\/\/joellehofmans.com\/index.php\/wp-json\/wp\/v2\/pages"}],"about":[{"href":"https:\/\/joellehofmans.com\/index.php\/wp-json\/wp\/v2\/types\/page"}],"author":[{"embeddable":true,"href":"https:\/\/joellehofmans.com\/index.php\/wp-json\/wp\/v2\/users\/2"}],"replies":[{"embeddable":true,"href":"https:\/\/joellehofmans.com\/index.php\/wp-json\/wp\/v2\/comments?post=114"}],"version-history":[{"count":19,"href":"https:\/\/joellehofmans.com\/index.php\/wp-json\/wp\/v2\/pages\/114\/revisions"}],"predecessor-version":[{"id":1068,"href":"https:\/\/joellehofmans.com\/index.php\/wp-json\/wp\/v2\/pages\/114\/revisions\/1068"}],"wp:featuredmedia":[{"embeddable":true,"href":"https:\/\/joellehofmans.com\/index.php\/wp-json\/wp\/v2\/media\/161"}],"wp:attachment":[{"href":"https:\/\/joellehofmans.com\/index.php\/wp-json\/wp\/v2\/media?parent=114"}],"curies":[{"name":"wp","href":"https:\/\/api.w.org\/{rel}","templated":true}]}}